{"id":3407,"date":"2022-02-23T03:04:09","date_gmt":"2022-02-23T03:04:09","guid":{"rendered":"https:\/\/rodadosmediterranea.com\/still\/product\/leather-sandals\/"},"modified":"2024-04-25T16:06:04","modified_gmt":"2024-04-25T19:06:04","slug":"erx-27","status":"publish","type":"product","link":"https:\/\/rodadosmediterranea.com\/still\/product\/erx-27\/","title":{"rendered":"Transpaleta el\u00e9ctrica ERX \u2013 27"},"content":{"rendered":"<p>El ERX es la transpaleta el\u00e9ctrica que combina ergonom\u00eda, agilidad y robustez. Es el equipo ideal para el movimiento horizontal de materiales y la carga y descarga de camiones y contenedores, incluso cuando se trabaja en muelles de nivelaci\u00f3n. El ERX ahora cuenta con el sistema de direcci\u00f3n el\u00e9ctrica opcional, que mejora a\u00fan m\u00e1s la ergonom\u00eda del operador y es perfecto para maniobras en espacios reducidos.<\/p>\n","protected":false},"excerpt":{"rendered":"<ul>\r\n \t<li>Ergon\u00f3mico, \u00e1gil y robusto.<\/li>\r\n \t<li>Potente motor de accionamiento de CA<\/li>\r\n \t<li>Conducci\u00f3n precisa y segura<\/li>\r\n<\/ul>\r\n&nbsp;\r\n\r\n<hr \/>\r\n\r\n&nbsp;\r\n\r\n&nbsp;","protected":false},"featured_media":7076,"comment_status":"open","ping_status":"closed","template":"","meta":[],"product_brand":[],"product_cat":[89],"product_tag":[],"class_list":{"0":"post-3407","1":"product","2":"type-product","3":"status-publish","4":"has-post-thumbnail","6":"product_cat-transpaletas","8":"first","9":"instock","10":"shipping-taxable","11":"product-type-simple"},"jetpack_sharing_enabled":true,"_links":{"self":[{"href":"https:\/\/rodadosmediterranea.com\/still\/wp-json\/wp\/v2\/product\/3407","targetHints":{"allow":["GET"]}}],"collection":[{"href":"https:\/\/rodadosmediterranea.com\/still\/wp-json\/wp\/v2\/product"}],"about":[{"href":"https:\/\/rodadosmediterranea.com\/still\/wp-json\/wp\/v2\/types\/product"}],"replies":[{"embeddable":true,"href":"https:\/\/rodadosmediterranea.com\/still\/wp-json\/wp\/v2\/comments?post=3407"}],"wp:featuredmedia":[{"embeddable":true,"href":"https:\/\/rodadosmediterranea.com\/still\/wp-json\/wp\/v2\/media\/7076"}],"wp:attachment":[{"href":"https:\/\/rodadosmediterranea.com\/still\/wp-json\/wp\/v2\/media?parent=3407"}],"wp:term":[{"taxonomy":"product_brand","embeddable":true,"href":"https:\/\/rodadosmediterranea.com\/still\/wp-json\/wp\/v2\/product_brand?post=3407"},{"taxonomy":"product_cat","embeddable":true,"href":"https:\/\/rodadosmediterranea.com\/still\/wp-json\/wp\/v2\/product_cat?post=3407"},{"taxonomy":"product_tag","embeddable":true,"href":"https:\/\/rodadosmediterranea.com\/still\/wp-json\/wp\/v2\/product_tag?post=3407"}],"curies":[{"name":"wp","href":"https:\/\/api.w.org\/{rel}","templated":true}]}}