{"id":6200,"date":"2022-02-28T04:43:29","date_gmt":"2022-02-28T04:43:29","guid":{"rendered":"https:\/\/rodadosmediterranea.com\/still\/business-corporate\/"},"modified":"2023-09-20T16:34:02","modified_gmt":"2023-09-20T19:34:02","slug":"business-corporate","status":"publish","type":"page","link":"https:\/\/rodadosmediterranea.com\/still\/","title":{"rendered":"Still"},"content":{"rendered":"<p>[vc_row full_width=\u00bbstretch_row\u00bb lg_spacing=\u00bbpadding_top:122;padding_bottom:60&#8243; gutter=\u00bbsm:30;lg:50&#8243; sm_spacing=\u00bbpadding_top:90;padding_bottom:40&#8243;][vc_column offset=\u00bbvc_col-md-4&#8243;][tm_heading custom_google_font=\u00bb\u00bb google_fonts=\u00bbfont_family:Open%20Sans%3A300%2C300italic%2Cregular%2Citalic%2C600%2C600italic%2C700%2C700italic%2C800%2C800italic|font_style:400%20regular%3A400%3Anormal\u00bb font_weight=\u00bb600&#8243; text_color=\u00bbcustom\u00bb custom_text_color=\u00bb#222222&#8243; animation=\u00bbmove-up\u00bb text=\u00bbSoluciones para el flujo de materiales de alto rendimiento.\u00bb font_size=\u00bbsm:30;md:36;lg:42&#8243; line_height=\u00bb1.19&#8243;][tm_heading tag=\u00bbh5&#8243; custom_google_font=\u00bb\u00bb google_fonts=\u00bbfont_family:Open%20Sans%3A300%2C300italic%2Cregular%2Citalic%2C600%2C600italic%2C700%2C700italic%2C800%2C800italic|font_style:300%20light%20regular%3A300%3Anormal\u00bb font_weight=\u00bb600&#8243; text_color=\u00bbcustom\u00bb custom_text_color=\u00bb#222222&#8243; font_size=\u00bbsm:30;md:36;lg:42&#8243; line_height=\u00bb1.19&#8243;][tm_spacer size=\u00bblg:30&#8243;][tm_button style=\u00bboutline\u00bb size=\u00bbcustom\u00bb button=\u00bburl:%23|title:Sobre%20nosotros\u00bb color=\u00bbcustom\u00bb button_bg_color=\u00bbcustom\u00bb font_color=\u00bbcustom\u00bb button_border_color=\u00bbcustom\u00bb button_bg_color_hover=\u00bbcustom\u00bb font_color_hover=\u00bbcustom\u00bb button_border_color_hover=\u00bbcustom\u00bb width=\u00bb220&#8243; custom_font_color=\u00bb#222222&#8243; custom_button_border_color=\u00bb#eeeeee\u00bb custom_font_color_hover=\u00bb#222222&#8243; custom_button_border_color_hover=\u00bb#eeeeee\u00bb custom_button_bg_color=\u00bb#ffffff\u00bb custom_button_bg_color_hover=\u00bb#eeeeee\u00bb][tm_spacer size=\u00bbsm:40&#8243;][\/vc_column][vc_column css_animation=\u00bbzoomIn\u00bb width=\u00bb1\/2&#8243; offset=\u00bbvc_col-md-4&#8243;][tm_box_icon style=\u00bb5&#8243; animation=\u00bbfade-in\u00bb image=\u00bb6412&#8243; heading=\u00bbAutoelevadores Nuevos y Usados\u00bb text=\u00bbSTILL ofrece el veh\u00edculo ideal para cada necesidad y cada requisito. Ya sean equipos de almac\u00e9n o autoelevadores el\u00e9ctricos, de motor de combusti\u00f3n o h\u00edbridos.\u00bb][\/vc_column][vc_column width=\u00bb1\/2&#8243; offset=\u00bbvc_col-md-4&#8243;][tm_box_icon style=\u00bb5&#8243; animation=\u00bbfade-in\u00bb image=\u00bb6413&#8243; heading=\u00bbServicio T\u00e9cnico\u00bb text=\u00bbBrindamos soluciones en la condici\u00f3n m\u00e1s aut\u00e9ntica, procurando mejorar en cada desaf\u00edo que se nos presenta.\u00bb][\/vc_column][\/vc_row][vc_row full_width=\u00bbstretch_row\u00bb background_color=\u00bbcustom\u00bb lg_spacing=\u00bbpadding_top:139;padding_bottom:123&#8243; custom_background_color=\u00bb#f2f8ff\u00bb][vc_column][tm_heading custom_google_font=\u00bb\u00bb font_weight=\u00bb600&#8243; align=\u00bbcenter\u00bb text_color=\u00bbcustom\u00bb custom_text_color=\u00bb#222222&#8243; text=\u00bbSiempre adonde nos necesite\u00bb font_size=\u00bbsm:30;md:36;lg:42&#8243; line_height=\u00bb1.19&#8243;][tm_spacer size=\u00bblg:24&#8243;][tm_heading tag=\u00bbdiv\u00bb custom_google_font=\u00bb\u00bb align=\u00bbcenter\u00bb text=\u00bbFidelizamos a nuestros clientes con la obtenci\u00f3n del mejor beneficio,<br \/>\ndesde el primer momento en que adquiere nuestros productos y servicios.\u00bb max_width=\u00bb650px\u00bb][tm_spacer size=\u00bblg:80&#8243;][vc_row_inner][vc_column_inner width=\u00bb1\/2&#8243; offset=\u00bbvc_col-md-3&#8243;][tm_box_icon style=\u00bb7&#8243; type=\u00bblinea\u00bb icon_linea=\u00bblinea-basic-world\u00bb align=\u00bbcenter\u00bb heading=\u00bbDisponibilidad\u00bb text=\u00bbNuestro equipo STILL, compuesto por gerentes y t\u00e9cnicos de servicio, est\u00e1 siempre disponible gracias a una extensa red de servicio.\u00bb][\/vc_column_inner][vc_column_inner width=\u00bb1\/2&#8243; offset=\u00bbvc_col-md-3&#8243;][tm_box_icon style=\u00bb7&#8243; type=\u00bblinea\u00bb icon_linea=\u00bblinea-basic-paperplane\u00bb align=\u00bbcenter\u00bb heading=\u00bbFiabilidad\u00bb text=\u00bbNuestra experiencia t\u00e9cnica, alta calidad y disponibilidad de STILL Original Parts\u00ae, garantizan un servicio exitoso en todo momento.\u00bb][\/vc_column_inner][vc_column_inner width=\u00bb1\/2&#8243; offset=\u00bbvc_col-md-3&#8243;][tm_box_icon style=\u00bb7&#8243; type=\u00bblinea\u00bb icon_linea=\u00bblinea-basic-clock\u00bb align=\u00bbcenter\u00bb heading=\u00bbRapidez\u00bb text=\u00bbNuestros procesos de reparaci\u00f3n y servicio estandarizados, dirigidos digitalmente y planificados de manera \u00f3ptima.\u00bb][\/vc_column_inner][vc_column_inner width=\u00bb1\/2&#8243; offset=\u00bbvc_col-md-3&#8243;][tm_box_icon style=\u00bb7&#8243; type=\u00bblinea\u00bb icon_linea=\u00bblinea-basic-message-multiple\u00bb align=\u00bbcenter\u00bb heading=\u00bbAtenci\u00f3n personalizada\u00bb text=\u00bbOfrecemos una soluci\u00f3n integral: asesoramiento calificado de preventa, servicio de postventa a medida de su negocio.\u00bb][\/vc_column_inner][\/vc_row_inner][\/vc_column][\/vc_row][vc_row full_width=\u00bbstretch_row\u00bb background_attachment=\u00bbfixed\u00bb overlay_background=\u00bbprimary\u00bb overlay_opacity=\u00bb35&#8243; lg_spacing=\u00bbpadding_top:170;padding_bottom:151&#8243; sm_spacing=\u00bbpadding_top:120;padding_bottom:100&#8243; background_image=\u00bb6487&#8243; background_position=\u00bbcenter\u00bb][vc_column][tm_heading custom_google_font=\u00bb\u00bb font_weight=\u00bb600&#8243; align=\u00bbcenter\u00bb text_color=\u00bbcustom\u00bb custom_text_color=\u00bb#efefef\u00bb text=\u00bb\u00bfQuieres recibir las \u00faltimas novedades?\u00bb font_size=\u00bblg:20&#8243; line_height=\u00bb1.2&#8243;][tm_spacer size=\u00bblg:32&#8243;][tm_heading custom_google_font=\u00bb\u00bb font_weight=\u00bb600&#8243; align=\u00bbcenter\u00bb text_color=\u00bbcustom\u00bb custom_text_color=\u00bb#ffffff\u00bb text=\u00bbSuscr\u00edbete a nuestro Newsletter\u00bb font_size=\u00bbsm:34;md:42;lg:50&#8243; line_height=\u00bb1.2&#8243;][tm_spacer size=\u00bblg:48&#8243;][tm_mailchimp_form style=\u00bb2&#8243;][\/vc_column][\/vc_row][vc_row full_width=\u00bbstretch_row\u00bb lg_spacing=\u00bbpadding_top:120;padding_bottom:124&#8243; sm_spacing=\u00bbpadding_top:90;padding_bottom:100&#8243;][vc_column][vc_row_inner content_placement=\u00bbmiddle\u00bb][vc_column_inner width=\u00bb1\/3&#8243;][\/vc_column_inner][vc_column_inner width=\u00bb1\/3&#8243;][tm_heading tag=\u00bbh1&#8243; custom_google_font=\u00bb\u00bb google_fonts=\u00bbfont_family:Poppins%3A300%2Cregular%2C500%2C600%2C700|font_style:700%20bold%20regular%3A700%3Anormal\u00bb font_weight=\u00bb600&#8243; align=\u00bbcenter\u00bb text_color=\u00bbcustom\u00bb custom_text_color=\u00bb#222222&#8243; text=\u00bb\u00daltimas novedades\u00bb font_size=\u00bbsm:30;md:36;lg:42&#8243; line_height=\u00bb1.2&#8243;][\/vc_column_inner][vc_column_inner width=\u00bb1\/3&#8243;][\/vc_column_inner][\/vc_row_inner][tm_spacer size=\u00bblg:87&#8243;][tm_blog style=\u00bbcarousel\u00bb gutter=\u00bb30&#8243; carousel_gutter=\u00bb30&#8243; number=\u00bb3&#8243; carousel_items_display=\u00bbxs:1;sm:2;md:3;lg:3&#8243;][tm_spacer size=\u00bblg:50&#8243;][tm_button size=\u00bbcustom\u00bb button=\u00bburl:https%3A%2F%2Frodadosmediterranea.com%2Fstill%2Fblog-grid-modern%2F|title:Ver%20m%C3%A1s\u00bb align=\u00bbcenter\u00bb width=\u00bb180&#8243; border_radius=\u00bb2px\u00bb][\/vc_column][\/vc_row][vc_row full_width=\u00bbstretch_row_content_no_spaces\u00bb equal_height=\u00bbyes\u00bb content_placement=\u00bbmiddle\u00bb disable_element=\u00bbyes\u00bb][vc_column width=\u00bb1\/2&#8243;][vc_single_image image=\u00bb6567&#8243; img_size=\u00bbfull\u00bb full_width=\u00bbtrue\u00bb][\/vc_column][vc_column width=\u00bb1\/2&#8243; background_color=\u00bbcustom\u00bb lg_spacing=\u00bbpadding_top:110;padding_bottom:85;padding_left:190&#8243; md_spacing=\u00bbpadding_left:50&#8243; sm_spacing=\u00bbpadding_left:30&#8243; custom_background_color=\u00bb#f2f8ff\u00bb][vc_row_inner max_width=\u00bb500px\u00bb][vc_column_inner][tm_testimonial style=\u00bb6&#8243; number=\u00bb9&#8243; auto_play=\u00bb5000&#8243; nav=\u00bb7&#8243; pagination=\u00bb4&#8243; carousel_items_display=\u00bbxs:1;lg:1&#8243; carousel_gutter=\u00bblg:30&#8243;][\/vc_column_inner][\/vc_row_inner][\/vc_column][\/vc_row][vc_row full_width=\u00bbstretch_row\u00bb lg_spacing=\u00bbpadding_top:73;padding_bottom:73&#8243; sm_spacing=\u00bbpadding_top:50;padding_bottom:50&#8243;][vc_column][tm_slider image_size=\u00bbfull\u00bb v_center=\u00bb1&#8243; gutter=\u00bb30&#8243; text_align=\u00bbcenter\u00bb items_display=\u00bbxs:2;sm:3;lg:6&#8243; items=\u00bb%5B%7B%22image%22%3A%226572%22%2C%22link%22%3A%22url%3Ahttp%253A%252F%252Fwww.rodadosmediterranea.com%22%7D%2C%7B%22image%22%3A%226574%22%2C%22link%22%3A%22url%3Ahttp%253A%252F%252Fwww.rodadosmediterranea.com%252Fstill%22%7D%2C%7B%22image%22%3A%226571%22%2C%22link%22%3A%22url%3Ahttps%253A%252F%252Frodadosmediterranea.com%252Fhaulotte%252F%22%7D%2C%7B%22image%22%3A%226570%22%2C%22link%22%3A%22url%3Ahttps%253A%252F%252Frodadosmediterranea.com%252Fcontinental%252F%22%7D%2C%7B%22image%22%3A%226573%22%2C%22link%22%3A%22url%3Ahttps%253A%252F%252Frodadosmediterranea.com%252Fportones%252F%22%7D%2C%7B%22image%22%3A%226575%22%2C%22link%22%3A%22url%3Ahttps%253A%252F%252Frodadosmediterranea.com%252Fclaitec%252F%22%7D%5D\u00bb auto_play=\u00bb3000&#8243;][\/vc_column][\/vc_row]<\/p>\n","protected":false},"excerpt":{"rendered":"[vc_row full_width=\u00bbstretch_row\u00bb lg_spacing=\u00bbpadding_top:122;padding_bottom:60&#8243; gutter=\u00bbsm:30;lg:50&#8243; sm_spacing=\u00bbpadding_top:90;padding_bottom:40&#8243;][vc_column offset=\u00bbvc_col-md-4&#8243;][tm_heading custom_google_font=\u00bb\u00bb google_fonts=\u00bbfont_family:Open%20Sans%3A300%2C300italic%2Cregular%2Citalic%2C600%2C600italic%2C700%2C700italic%2C800%2C800italic|font_style:400%20regular%3A400%3Anormal\u00bb font_weight=\u00bb600&#8243; text_color=\u00bbcustom\u00bb custom_text_color=\u00bb#222222&#8243; animation=\u00bbmove-up\u00bb text=\u00bbSoluciones para el flujo de materiales de alto rendimiento.\u00bb font_size=\u00bbsm:30;md:36;lg:42&#8243; line_height=\u00bb1.19&#8243;][tm_heading tag=\u00bbh5&#8243; custom_google_font=\u00bb\u00bb google_fonts=\u00bbfont_family:Open%20Sans%3A300%2C300italic%2Cregular%2Citalic%2C600%2C600italic%2C700%2C700italic%2C800%2C800italic|font_style:300%20light%20regular%3A300%3Anormal\u00bb font_weight=\u00bb600&#8243; text_color=\u00bbcustom\u00bb custom_text_color=\u00bb#222222&#8243; font_size=\u00bbsm:30;md:36;lg:42&#8243; line_height=\u00bb1.19&#8243;][tm_spacer size=\u00bblg:30&#8243;][tm_button style=\u00bboutline\u00bb size=\u00bbcustom\u00bb button=\u00bburl:%23|title:Sobre%20nosotros\u00bb color=\u00bbcustom\u00bb button_bg_color=\u00bbcustom\u00bb font_color=\u00bbcustom\u00bb button_border_color=\u00bbcustom\u00bb button_bg_color_hover=\u00bbcustom\u00bb font_color_hover=\u00bbcustom\u00bb button_border_color_hover=\u00bbcustom\u00bb width=\u00bb220&#8243; custom_font_color=\u00bb#222222&#8243; custom_button_border_color=\u00bb#eeeeee\u00bb custom_font_color_hover=\u00bb#222222&#8243; custom_button_border_color_hover=\u00bb#eeeeee\u00bb custom_button_bg_color=\u00bb#ffffff\u00bb custom_button_bg_color_hover=\u00bb#eeeeee\u00bb][tm_spacer size=\u00bbsm:40&#8243;][\/vc_column][vc_column css_animation=\u00bbzoomIn\u00bb width=\u00bb1\/2&#8243; offset=\u00bbvc_col-md-4&#8243;][tm_box_icon style=\u00bb5&#8243; animation=\u00bbfade-in\u00bb image=\u00bb6412&#8243; heading=\u00bbAutoelevadores Nuevos y Usados\u00bb text=\u00bbSTILL ofrece el veh\u00edculo ideal para cada necesidad y cada requisito. Ya sean equipos de almac\u00e9n o autoelevadores el\u00e9ctricos, de motor de combusti\u00f3n o h\u00edbridos.\u00bb][\/vc_column][vc_column width=\u00bb1\/2&#8243; offset=\u00bbvc_col-md-4&#8243;][tm_box_icon style=\u00bb5&#8243; animation=\u00bbfade-in\u00bb image=\u00bb6413&#8243; heading=\u00bbServicio T\u00e9cnico\u00bb text=\u00bbBrindamos soluciones en la condici\u00f3n m\u00e1s aut\u00e9ntica, procurando mejorar en cada desaf\u00edo que se nos presenta.\u00bb][\/vc_column][\/vc_row][vc_row full_width=\u00bbstretch_row\u00bb background_color=\u00bbcustom\u00bb lg_spacing=\u00bbpadding_top:139;padding_bottom:123&#8243; custom_background_color=\u00bb#f2f8ff\u00bb][vc_column][tm_heading custom_google_font=\u00bb\u00bb font_weight=\u00bb600&#8243; align=\u00bbcenter\u00bb text_color=\u00bbcustom\u00bb custom_text_color=\u00bb#222222&#8243; text=\u00bbSiempre adonde nos necesite\u00bb font_size=\u00bbsm:30;md:36;lg:42&#8243; line_height=\u00bb1.19&#8243;][tm_spacer size=\u00bblg:24&#8243;][tm_heading tag=\u00bbdiv\u00bb custom_google_font=\u00bb\u00bb align=\u00bbcenter\u00bb text=\u00bbFidelizamos a nuestros clientes con la obtenci\u00f3n del mejor beneficio, desde el primer momento en que adquiere nuestros productos y servicios.\u00bb max_width=\u00bb650px\u00bb][tm_spacer size=\u00bblg:80&#8243;][vc_row_inner][vc_column_inner width=\u00bb1\/2&#8243; offset=\u00bbvc_col-md-3&#8243;][tm_box_icon style=\u00bb7&#8243; type=\u00bblinea\u00bb icon_linea=\u00bblinea-basic-world\u00bb align=\u00bbcenter\u00bb heading=\u00bbDisponibilidad\u00bb text=\u00bbNuestro equipo STILL, compuesto por gerentes y t\u00e9cnicos de servicio, est\u00e1 siempre disponible gracias a una extensa red de servicio.\u00bb][\/vc_column_inner][vc_column_inner width=\u00bb1\/2&#8243; offset=\u00bbvc_col-md-3&#8243;][tm_box_icon style=\u00bb7&#8243; type=\u00bblinea\u00bb icon_linea=\u00bblinea-basic-paperplane\u00bb align=\u00bbcenter\u00bb heading=\u00bbFiabilidad\u00bb text=\u00bbNuestra experiencia t\u00e9cnica, alta calidad y disponibilidad de STILL Original Parts\u00ae, garantizan un servicio exitoso en todo momento.\u00bb][\/vc_column_inner][vc_column_inner width=\u00bb1\/2&#8243; offset=\u00bbvc_col-md-3&#8243;][tm_box_icon style=\u00bb7&#8243; type=\u00bblinea\u00bb icon_linea=\u00bblinea-basic-clock\u00bb align=\u00bbcenter\u00bb heading=\u00bbRapidez\u00bb text=\u00bbNuestros procesos de reparaci\u00f3n y servicio estandarizados, dirigidos digitalmente y planificados de manera \u00f3ptima.\u00bb][\/vc_column_inner][vc_column_inner width=\u00bb1\/2&#8243; offset=\u00bbvc_col-md-3&#8243;][tm_box_icon style=\u00bb7&#8243; type=\u00bblinea\u00bb icon_linea=\u00bblinea-basic-message-multiple\u00bb align=\u00bbcenter\u00bb heading=\u00bbAtenci\u00f3n personalizada\u00bb text=\u00bbOfrecemos una soluci\u00f3n integral: asesoramiento calificado de preventa, servicio de postventa a medida de su negocio.\u00bb][\/vc_column_inner][\/vc_row_inner][\/vc_column][\/vc_row][vc_row full_width=\u00bbstretch_row\u00bb background_attachment=\u00bbfixed\u00bb overlay_background=\u00bbprimary\u00bb overlay_opacity=\u00bb35&#8243; lg_spacing=\u00bbpadding_top:170;padding_bottom:151&#8243; sm_spacing=\u00bbpadding_top:120;padding_bottom:100&#8243; background_image=\u00bb6487&#8243; background_position=\u00bbcenter\u00bb][vc_column][tm_heading custom_google_font=\u00bb\u00bb font_weight=\u00bb600&#8243; align=\u00bbcenter\u00bb text_color=\u00bbcustom\u00bb custom_text_color=\u00bb#efefef\u00bb text=\u00bb\u00bfQuieres recibir las \u00faltimas novedades?\u00bb font_size=\u00bblg:20&#8243; line_height=\u00bb1.2&#8243;][tm_spacer size=\u00bblg:32&#8243;][tm_heading custom_google_font=\u00bb\u00bb font_weight=\u00bb600&#8243; align=\u00bbcenter\u00bb text_color=\u00bbcustom\u00bb custom_text_color=\u00bb#ffffff\u00bb text=\u00bbSuscr\u00edbete a nuestro Newsletter\u00bb font_size=\u00bbsm:34;md:42;lg:50&#8243; line_height=\u00bb1.2&#8243;][tm_spacer size=\u00bblg:48&#8243;][tm_mailchimp_form style=\u00bb2&#8243;][\/vc_column][\/vc_row][vc_row full_width=\u00bbstretch_row\u00bb lg_spacing=\u00bbpadding_top:120;padding_bottom:124&#8243; sm_spacing=\u00bbpadding_top:90;padding_bottom:100&#8243;][vc_column][vc_row_inner content_placement=\u00bbmiddle\u00bb][vc_column_inner width=\u00bb1\/3&#8243;][\/vc_column_inner][vc_column_inner width=\u00bb1\/3&#8243;][tm_heading tag=\u00bbh1&#8243; custom_google_font=\u00bb\u00bb google_fonts=\u00bbfont_family:Poppins%3A300%2Cregular%2C500%2C600%2C700|font_style:700%20bold%20regular%3A700%3Anormal\u00bb font_weight=\u00bb600&#8243; align=\u00bbcenter\u00bb text_color=\u00bbcustom\u00bb custom_text_color=\u00bb#222222&#8243; text=\u00bb\u00daltimas novedades\u00bb font_size=\u00bbsm:30;md:36;lg:42&#8243; line_height=\u00bb1.2&#8243;][\/vc_column_inner][vc_column_inner width=\u00bb1\/3&#8243;][\/vc_column_inner][\/vc_row_inner][tm_spacer size=\u00bblg:87&#8243;][tm_blog style=\u00bbcarousel\u00bb gutter=\u00bb30&#8243; carousel_gutter=\u00bb30&#8243; number=\u00bb3&#8243; carousel_items_display=\u00bbxs:1;sm:2;md:3;lg:3&#8243;][tm_spacer size=\u00bblg:50&#8243;][tm_button size=\u00bbcustom\u00bb button=\u00bburl:https%3A%2F%2Frodadosmediterranea.com%2Fstill%2Fblog-grid-modern%2F|title:Ver%20m%C3%A1s\u00bb align=\u00bbcenter\u00bb width=\u00bb180&#8243; border_radius=\u00bb2px\u00bb][\/vc_column][\/vc_row][vc_row full_width=\u00bbstretch_row_content_no_spaces\u00bb equal_height=\u00bbyes\u00bb content_placement=\u00bbmiddle\u00bb disable_element=\u00bbyes\u00bb][vc_column width=\u00bb1\/2&#8243;][vc_single_image image=\u00bb6567&#8243; img_size=\u00bbfull\u00bb full_width=\u00bbtrue\u00bb][\/vc_column][vc_column width=\u00bb1\/2&#8243; background_color=\u00bbcustom\u00bb lg_spacing=\u00bbpadding_top:110;padding_bottom:85;padding_left:190&#8243; md_spacing=\u00bbpadding_left:50&#8243; sm_spacing=\u00bbpadding_left:30&#8243; custom_background_color=\u00bb#f2f8ff\u00bb][vc_row_inner max_width=\u00bb500px\u00bb][vc_column_inner][tm_testimonial style=\u00bb6&#8243; number=\u00bb9&#8243; auto_play=\u00bb5000&#8243; nav=\u00bb7&#8243; pagination=\u00bb4&#8243; carousel_items_display=\u00bbxs:1;lg:1&#8243; carousel_gutter=\u00bblg:30&#8243;][\/vc_column_inner][\/vc_row_inner][\/vc_column][\/vc_row][vc_row full_width=\u00bbstretch_row\u00bb lg_spacing=\u00bbpadding_top:73;padding_bottom:73&#8243; sm_spacing=\u00bbpadding_top:50;padding_bottom:50&#8243;][vc_column][tm_slider image_size=\u00bbfull\u00bb v_center=\u00bb1&#8243; gutter=\u00bb30&#8243; text_align=\u00bbcenter\u00bb items_display=\u00bbxs:2;sm:3;lg:6&#8243; items=\u00bb%5B%7B%22image%22%3A%226572%22%2C%22link%22%3A%22url%3Ahttp%253A%252F%252Fwww.rodadosmediterranea.com%22%7D%2C%7B%22image%22%3A%226574%22%2C%22link%22%3A%22url%3Ahttp%253A%252F%252Fwww.rodadosmediterranea.com%252Fstill%22%7D%2C%7B%22image%22%3A%226571%22%2C%22link%22%3A%22url%3Ahttps%253A%252F%252Frodadosmediterranea.com%252Fhaulotte%252F%22%7D%2C%7B%22image%22%3A%226570%22%2C%22link%22%3A%22url%3Ahttps%253A%252F%252Frodadosmediterranea.com%252Fcontinental%252F%22%7D%2C%7B%22image%22%3A%226573%22%2C%22link%22%3A%22url%3Ahttps%253A%252F%252Frodadosmediterranea.com%252Fportones%252F%22%7D%2C%7B%22image%22%3A%226575%22%2C%22link%22%3A%22url%3Ahttps%253A%252F%252Frodadosmediterranea.com%252Fclaitec%252F%22%7D%5D\u00bb auto_play=\u00bb3000&#8243;][\/vc_column][\/vc_row]","protected":false},"author":1,"featured_media":0,"parent":0,"menu_order":0,"comment_status":"closed","ping_status":"closed","template":"","meta":{"footnotes":""},"class_list":["post-6200","page","type-page","status-publish","hentry"],"jetpack_sharing_enabled":true,"_links":{"self":[{"href":"https:\/\/rodadosmediterranea.com\/still\/wp-json\/wp\/v2\/pages\/6200","targetHints":{"allow":["GET"]}}],"collection":[{"href":"https:\/\/rodadosmediterranea.com\/still\/wp-json\/wp\/v2\/pages"}],"about":[{"href":"https:\/\/rodadosmediterranea.com\/still\/wp-json\/wp\/v2\/types\/page"}],"author":[{"embeddable":true,"href":"https:\/\/rodadosmediterranea.com\/still\/wp-json\/wp\/v2\/users\/1"}],"replies":[{"embeddable":true,"href":"https:\/\/rodadosmediterranea.com\/still\/wp-json\/wp\/v2\/comments?post=6200"}],"version-history":[{"count":100,"href":"https:\/\/rodadosmediterranea.com\/still\/wp-json\/wp\/v2\/pages\/6200\/revisions"}],"predecessor-version":[{"id":7320,"href":"https:\/\/rodadosmediterranea.com\/still\/wp-json\/wp\/v2\/pages\/6200\/revisions\/7320"}],"wp:attachment":[{"href":"https:\/\/rodadosmediterranea.com\/still\/wp-json\/wp\/v2\/media?parent=6200"}],"curies":[{"name":"wp","href":"https:\/\/api.w.org\/{rel}","templated":true}]}}