{"id":3846,"date":"2017-07-05T08:16:37","date_gmt":"2017-07-05T08:16:37","guid":{"rendered":"https:\/\/rodadosmediterranea.com\/still\/our-services\/"},"modified":"2022-05-18T12:37:16","modified_gmt":"2022-05-18T15:37:16","slug":"reparacion","status":"publish","type":"page","link":"https:\/\/rodadosmediterranea.com\/still\/reparacion\/","title":{"rendered":"Servicio y reparaciones"},"content":{"rendered":"<p>[vc_row full_width=\u00bbstretch_row\u00bb equal_height=\u00bbyes\u00bb content_placement=\u00bbmiddle\u00bb overlay_background=\u00bboverlay_custom_background\u00bb overlay_opacity=\u00bb40&#8243; lg_spacing=\u00bbpadding_top:261;padding_bottom:227&#8243; background_image=\u00bb7048&#8243; sm_spacing=\u00bbpadding_top:200;padding_bottom:160&#8243; xs_spacing=\u00bbpadding_top:150;padding_bottom:110&#8243;][vc_column][tm_heading custom_google_font=\u00bb\u00bb font_weight=\u00bb500&#8243; align=\u00bbcenter\u00bb text_color=\u00bbcustom\u00bb custom_text_color=\u00bb#ffffff\u00bb text=\u00bbServicio y reparaciones\u00bb font_size=\u00bbsm:36;md:48;lg:60&#8243; line_height=\u00bb1.3&#8243;][tm_spacer size=\u00bblg:10&#8243;][tm_heading tag=\u00bbh6&#8243; custom_google_font=\u00bb\u00bb font_weight=\u00bb500&#8243; align=\u00bbcenter\u00bb text_color=\u00bbcustom\u00bb custom_text_color=\u00bb#ffffff\u00bb font_size=\u00bblg:20&#8243;][\/vc_column][\/vc_row][vc_row lg_spacing=\u00bbpadding_top:120;padding_bottom:150&#8243; sm_spacing=\u00bbpadding_top:100;padding_bottom:100&#8243;][vc_column][tm_heading custom_google_font=\u00bb\u00bb font_weight=\u00bb600&#8243; align=\u00bbcenter\u00bb text_color=\u00bbprimary_color\u00bb text=\u00bbSERVICIOS\u00bb font_size=\u00bblg:14&#8243; letter_spacing=\u00bb0.1em\u00bb][tm_spacer size=\u00bblg:15&#8243;][tm_heading custom_google_font=\u00bb\u00bb align=\u00bbcenter\u00bb text=\u00bbPara una disponibilidad sostenida.\u00bb font_size=\u00bbsm:28;md:34;lg:40&#8243; line_height=\u00bb1.3&#8243;][tm_spacer size=\u00bblg:49&#8243;][tm_slider_group nav=\u00bb2&#8243; pagination=\u00bb1&#8243; gutter=\u00bb50&#8243; items_display=\u00bbxs:1;sm:2;md:3;lg:3&#8243; auto_play=\u00bb5000&#8243;][tm_group][tm_box_icon style=\u00bb3&#8243; type=\u00bbsimple_line\u00bb icon_simple_line=\u00bbicon-wrench-screwdriver-2&#8243; image=\u00bb7198&#8243; heading=\u00bbServicio\u00bb text=\u00bbEl cuidado y el mantenimiento regular son esenciales para que tus carretillas funcionen y tengan un buen rendimiento a largo plazo. Con STILL Service, los intervalos de mantenimiento, los acuerdos de servicio y las inspecciones de seguridad se adaptan a tus necesidades espec\u00edficas.\u00bb][tm_spacer size=\u00bblg:33&#8243;][tm_list list_style=\u00bbcircle\u00bb items=\u00bb%5B%7B%22item_title%22%3A%22Intervalos%20de%20mantenimiento%22%2C%22icon_simple_line%22%3A%22icon-arrow-1-circle-down%22%7D%2C%7B%22item_title%22%3A%22Acuerdos%20de%20servicio%22%2C%22icon_simple_line%22%3A%22icon-arrow-1-circle-down%22%7D%2C%7B%22item_title%22%3A%22Inspecciones%20de%20seguridad%22%2C%22icon_simple_line%22%3A%22icon-arrow-1-circle-down%22%7D%2C%7B%22item_title%22%3A%22Paquetes%20de%20mantenimiento%22%2C%22icon_simple_line%22%3A%22icon-arrow-1-circle-down%22%7D%5D\u00bb columns=\u00bbxs:1;lg:1&#8243;][\/tm_group][tm_group][tm_box_icon style=\u00bb3&#8243; type=\u00bbsimple_line\u00bb icon_simple_line=\u00bbicon-wrench-screwdriver-1&#8243; image=\u00bb7195&#8243; heading=\u00bbReparaciones\u00bb text=\u00bbNos encargamos de cada carretilla industrial de tu flota; accidentes, desgaste general o mejoras para nuevos requisitos&#8230; no importa la situaci\u00f3n. Con el servicio de reparaciones de STILL, nuestra m\u00e1xima prioridad es que tu carretilla vuelva a estar operativa lo antes posible.\u00bb][tm_spacer size=\u00bblg:33&#8243;][tm_list list_style=\u00bbcircle\u00bb items=\u00bb%5B%7B%22item_title%22%3A%22T%C3%A9cnicos%20calificados%22%2C%22icon_simple_line%22%3A%22icon-arrow-1-circle-down%22%7D%2C%7B%22item_title%22%3A%22Procesos%20de%20reparaci%C3%B3n%20digitales%22%2C%22icon_simple_line%22%3A%22icon-arrow-1-circle-down%22%7D%2C%7B%22item_title%22%3A%22Calidad%20garantizada%22%2C%22icon_simple_line%22%3A%22icon-arrow-1-circle-down%22%7D%2C%7B%22item_title%22%3A%22Paquetes%20de%20mantenimiento%22%2C%22icon_simple_line%22%3A%22icon-arrow-1-circle-down%22%7D%5D\u00bb columns=\u00bbxs:1;lg:1&#8243;][\/tm_group][tm_group][tm_box_icon style=\u00bb3&#8243; type=\u00bbsimple_line\u00bb icon_simple_line=\u00bbicon-smartphone-desktop\u00bb heading=\u00bbSoporte online con diagn\u00f3stico y reparaci\u00f3n\u00bb text=\u00bbLas herramientas digitales como STILL neXXt service navigator y neXXt service diagnosis permiten a los t\u00e9cnicos de servicio de STILL acceder a toda la documentaci\u00f3n del veh\u00edculo y compartir datos de diagn\u00f3stico con expertos de STILL en tiempo real.\u00bb image=\u00bb7200&#8243;][tm_spacer size=\u00bblg:33&#8243;][tm_list list_style=\u00bbcircle\u00bb items=\u00bb%5B%7B%22item_title%22%3A%22STILL%20neXXt%20realtime%20service%22%2C%22icon_simple_line%22%3A%22icon-arrow-1-circle-down%22%7D%2C%7B%22item_title%22%3A%22Gesti%C3%B3n%20de%20flotas%20digital%22%2C%22icon_simple_line%22%3A%22icon-arrow-1-circle-down%22%7D%2C%7B%22item_title%22%3A%22Sistemas%20de%20asistencia%20digital%22%2C%22icon_simple_line%22%3A%22icon-arrow-1-circle-down%22%7D%2C%7B%22item_title%22%3A%22Automatizaci%C3%B3n%22%2C%22icon_simple_line%22%3A%22icon-arrow-1-circle-down%22%7D%5D\u00bb columns=\u00bbxs:1;lg:1&#8243;][\/tm_group][\/tm_slider_group][\/vc_column][\/vc_row][vc_row full_width=\u00bbstretch_row\u00bb content_placement=\u00bbbottom\u00bb background_color=\u00bbsecondary\u00bb][vc_column width=\u00bb5\/12&#8243; lg_spacing=\u00bbpadding_top:140;padding_bottom:86&#8243; sm_spacing=\u00bbpadding_top:100&#8243;][tm_heading style=\u00bbhighlight-text\u00bb custom_google_font=\u00bb\u00bb text_color=\u00bbcustom\u00bb custom_text_color=\u00bb#ffffff\u00bb animation=\u00bbmove-right\u00bb text=\u00bbPuedes contar con <mark>Nosotros.<\/mark>\u00bb font_size=\u00bbsm:28;md:34;lg:40&#8243;][tm_spacer size=\u00bblg:20&#8243;][tm_heading tag=\u00bbdiv\u00bb custom_google_font=\u00bb\u00bb text_color=\u00bbcustom\u00bb custom_text_color=\u00bb#ffffff\u00bb animation=\u00bbmove-right\u00bb text=\u00bbMedimos todo lo que hacemos para satisfacer a nuestros clientes. Cuando se trata de la disponibilidad de tu intralog\u00edstica, no conocemos l\u00edmites.\u00bb][tm_spacer size=\u00bblg:57&#8243;][tm_list title_color=\u00bbcustom\u00bb custom_title_color=\u00bb#ffffff\u00bb icon_type=\u00bbfontawesome\u00bb icon_fontawesome=\u00bbfas fa-check\u00bb animation=\u00bbmove-right\u00bb columns=\u00bbxs:1;lg:1&#8243; items=\u00bb%5B%7B%22item_title%22%3A%22Equipos%20de%20Manutenci%C3%B3n%22%2C%22icon_simple_line%22%3A%22icon-arrow-1-circle-down%22%7D%2C%7B%22item_title%22%3A%22Servicios%20de%20Producto%22%2C%22icon_simple_line%22%3A%22icon-arrow-1-circle-down%22%7D%2C%7B%22item_title%22%3A%22Aplicaciones%20Avanzadas%20y%20Sistemas%20%22%2C%22icon_simple_line%22%3A%22icon-arrow-1-circle-down%22%7D%5D\u00bb][\/vc_column][vc_column width=\u00bb7\/12&#8243;][vc_single_image image=\u00bb7237&#8243; img_size=\u00bbfull\u00bb alignment=\u00bbright\u00bb css_animation=\u00bbright-to-left\u00bb css=\u00bb.vc_custom_1652886529367{margin-top: -70px !important;}\u00bb][\/vc_column][\/vc_row][vc_row full_width=\u00bbstretch_row\u00bb disable_element=\u00bbyes\u00bb lg_spacing=\u00bbborder_bottom:1;padding_top:115;padding_bottom:113&#8243; sm_spacing=\u00bbpadding_top:95;padding_bottom:93&#8243;][vc_column][tm_heading custom_google_font=\u00bb\u00bb font_weight=\u00bb600&#8243; align=\u00bbcenter\u00bb text_color=\u00bbprimary_color\u00bb text=\u00bbPROCESS\u00bb font_size=\u00bblg:14&#8243; letter_spacing=\u00bb0.1em\u00bb][tm_spacer size=\u00bblg:15&#8243;][tm_heading custom_google_font=\u00bb\u00bb align=\u00bbcenter\u00bb text=\u00bbFour Steps for Completement\u00bb font_size=\u00bbsm:28;md:34;lg:40&#8243; line_height=\u00bb1.3&#8243;][tm_spacer size=\u00bblg:49&#8243;][tm_gradation items=\u00bb%5B%7B%22title%22%3A%22Brainstorm%22%2C%22text%22%3A%22We%20combine%20brand%20strategy%20and%20account%20planning%20with%20digital%20strategy%22%7D%2C%7B%22title%22%3A%22Design%22%2C%22text%22%3A%22We%20combine%20brand%20strategy%20and%20account%20planning%20with%20digital%20strategy%22%7D%2C%7B%22title%22%3A%22Development%22%2C%22text%22%3A%22We%20combine%20brand%20strategy%20and%20account%20planning%20with%20digital%20strategy%22%7D%2C%7B%22title%22%3A%22Product%20Testing%22%2C%22text%22%3A%22We%20combine%20brand%20strategy%20and%20account%20planning%20with%20digital%20strategy%22%7D%5D\u00bb][\/vc_column][\/vc_row][vc_row full_width=\u00bbstretch_row\u00bb content_placement=\u00bbmiddle\u00bb lg_spacing=\u00bbpadding_top:72;padding_bottom:72&#8243;][vc_column width=\u00bb1\/2&#8243;][tm_heading custom_google_font=\u00bb\u00bb sm_align=\u00bbcenter\u00bb animation=\u00bbmove-right\u00bb text=\u00bb\u00bfConsultar con un asesor?\u00bb font_size=\u00bbsm:28;md:34;lg:40&#8243; line_height=\u00bb1.2&#8243; xs_spacing=\u00bbmargin_bottom:30&#8243;][\/vc_column][vc_column width=\u00bb1\/2&#8243;][tm_button size=\u00bbcustom\u00bb button=\u00bburl:https%3A%2F%2Frodadosmediterranea.com%2Fstill%2Fcontacto%2F|title:Cont%C3%A1ctanos\u00bb align=\u00bbright\u00bb sm_align=\u00bbcenter\u00bb animation=\u00bbmove-left\u00bb color=\u00bbsecondary\u00bb width=\u00bb190&#8243;][\/vc_column][\/vc_row]<\/p>\n","protected":false},"excerpt":{"rendered":"[vc_row full_width=\u00bbstretch_row\u00bb equal_height=\u00bbyes\u00bb content_placement=\u00bbmiddle\u00bb overlay_background=\u00bboverlay_custom_background\u00bb overlay_opacity=\u00bb40&#8243; lg_spacing=\u00bbpadding_top:261;padding_bottom:227&#8243; background_image=\u00bb7048&#8243; sm_spacing=\u00bbpadding_top:200;padding_bottom:160&#8243; xs_spacing=\u00bbpadding_top:150;padding_bottom:110&#8243;][vc_column][tm_heading custom_google_font=\u00bb\u00bb font_weight=\u00bb500&#8243; align=\u00bbcenter\u00bb text_color=\u00bbcustom\u00bb custom_text_color=\u00bb#ffffff\u00bb text=\u00bbServicio y reparaciones\u00bb font_size=\u00bbsm:36;md:48;lg:60&#8243; line_height=\u00bb1.3&#8243;][tm_spacer size=\u00bblg:10&#8243;][tm_heading tag=\u00bbh6&#8243; custom_google_font=\u00bb\u00bb font_weight=\u00bb500&#8243; align=\u00bbcenter\u00bb text_color=\u00bbcustom\u00bb custom_text_color=\u00bb#ffffff\u00bb font_size=\u00bblg:20&#8243;][\/vc_column][\/vc_row][vc_row lg_spacing=\u00bbpadding_top:120;padding_bottom:150&#8243; sm_spacing=\u00bbpadding_top:100;padding_bottom:100&#8243;][vc_column][tm_heading custom_google_font=\u00bb\u00bb font_weight=\u00bb600&#8243; align=\u00bbcenter\u00bb text_color=\u00bbprimary_color\u00bb text=\u00bbSERVICIOS\u00bb font_size=\u00bblg:14&#8243; letter_spacing=\u00bb0.1em\u00bb][tm_spacer size=\u00bblg:15&#8243;][tm_heading custom_google_font=\u00bb\u00bb align=\u00bbcenter\u00bb text=\u00bbPara una disponibilidad sostenida.\u00bb font_size=\u00bbsm:28;md:34;lg:40&#8243; line_height=\u00bb1.3&#8243;][tm_spacer size=\u00bblg:49&#8243;][tm_slider_group nav=\u00bb2&#8243; pagination=\u00bb1&#8243; gutter=\u00bb50&#8243; items_display=\u00bbxs:1;sm:2;md:3;lg:3&#8243; auto_play=\u00bb5000&#8243;][tm_group][tm_box_icon style=\u00bb3&#8243; type=\u00bbsimple_line\u00bb icon_simple_line=\u00bbicon-wrench-screwdriver-2&#8243; image=\u00bb7198&#8243; heading=\u00bbServicio\u00bb text=\u00bbEl cuidado y el mantenimiento regular son esenciales para que tus carretillas funcionen y tengan un buen rendimiento a largo plazo. Con STILL Service, los intervalos de mantenimiento, los acuerdos de servicio y las inspecciones de seguridad se adaptan a tus necesidades espec\u00edficas.\u00bb][tm_spacer size=\u00bblg:33&#8243;][tm_list list_style=\u00bbcircle\u00bb items=\u00bb%5B%7B%22item_title%22%3A%22Intervalos%20de%20mantenimiento%22%2C%22icon_simple_line%22%3A%22icon-arrow-1-circle-down%22%7D%2C%7B%22item_title%22%3A%22Acuerdos%20de%20servicio%22%2C%22icon_simple_line%22%3A%22icon-arrow-1-circle-down%22%7D%2C%7B%22item_title%22%3A%22Inspecciones%20de%20seguridad%22%2C%22icon_simple_line%22%3A%22icon-arrow-1-circle-down%22%7D%2C%7B%22item_title%22%3A%22Paquetes%20de%20mantenimiento%22%2C%22icon_simple_line%22%3A%22icon-arrow-1-circle-down%22%7D%5D\u00bb columns=\u00bbxs:1;lg:1&#8243;][\/tm_group][tm_group][tm_box_icon style=\u00bb3&#8243; type=\u00bbsimple_line\u00bb icon_simple_line=\u00bbicon-wrench-screwdriver-1&#8243; image=\u00bb7195&#8243; heading=\u00bbReparaciones\u00bb text=\u00bbNos encargamos de cada carretilla industrial de tu flota; accidentes, desgaste general o mejoras para nuevos requisitos&#8230; no importa la situaci\u00f3n. Con el servicio de reparaciones de STILL, nuestra m\u00e1xima prioridad es que tu carretilla vuelva a estar operativa lo antes posible.\u00bb][tm_spacer size=\u00bblg:33&#8243;][tm_list list_style=\u00bbcircle\u00bb items=\u00bb%5B%7B%22item_title%22%3A%22T%C3%A9cnicos%20calificados%22%2C%22icon_simple_line%22%3A%22icon-arrow-1-circle-down%22%7D%2C%7B%22item_title%22%3A%22Procesos%20de%20reparaci%C3%B3n%20digitales%22%2C%22icon_simple_line%22%3A%22icon-arrow-1-circle-down%22%7D%2C%7B%22item_title%22%3A%22Calidad%20garantizada%22%2C%22icon_simple_line%22%3A%22icon-arrow-1-circle-down%22%7D%2C%7B%22item_title%22%3A%22Paquetes%20de%20mantenimiento%22%2C%22icon_simple_line%22%3A%22icon-arrow-1-circle-down%22%7D%5D\u00bb columns=\u00bbxs:1;lg:1&#8243;][\/tm_group][tm_group][tm_box_icon style=\u00bb3&#8243; type=\u00bbsimple_line\u00bb icon_simple_line=\u00bbicon-smartphone-desktop\u00bb heading=\u00bbSoporte online con diagn\u00f3stico y reparaci\u00f3n\u00bb text=\u00bbLas herramientas digitales como STILL neXXt service navigator y neXXt service diagnosis permiten a los t\u00e9cnicos de servicio de STILL acceder a toda la documentaci\u00f3n del veh\u00edculo y compartir datos de diagn\u00f3stico con expertos de STILL en tiempo real.\u00bb image=\u00bb7200&#8243;][tm_spacer size=\u00bblg:33&#8243;][tm_list list_style=\u00bbcircle\u00bb items=\u00bb%5B%7B%22item_title%22%3A%22STILL%20neXXt%20realtime%20service%22%2C%22icon_simple_line%22%3A%22icon-arrow-1-circle-down%22%7D%2C%7B%22item_title%22%3A%22Gesti%C3%B3n%20de%20flotas%20digital%22%2C%22icon_simple_line%22%3A%22icon-arrow-1-circle-down%22%7D%2C%7B%22item_title%22%3A%22Sistemas%20de%20asistencia%20digital%22%2C%22icon_simple_line%22%3A%22icon-arrow-1-circle-down%22%7D%2C%7B%22item_title%22%3A%22Automatizaci%C3%B3n%22%2C%22icon_simple_line%22%3A%22icon-arrow-1-circle-down%22%7D%5D\u00bb columns=\u00bbxs:1;lg:1&#8243;][\/tm_group][\/tm_slider_group][\/vc_column][\/vc_row][vc_row full_width=\u00bbstretch_row\u00bb content_placement=\u00bbbottom\u00bb background_color=\u00bbsecondary\u00bb][vc_column width=\u00bb5\/12&#8243; lg_spacing=\u00bbpadding_top:140;padding_bottom:86&#8243; sm_spacing=\u00bbpadding_top:100&#8243;][tm_heading style=\u00bbhighlight-text\u00bb custom_google_font=\u00bb\u00bb text_color=\u00bbcustom\u00bb custom_text_color=\u00bb#ffffff\u00bb animation=\u00bbmove-right\u00bb text=\u00bbPuedes contar con Nosotros.\u00bb font_size=\u00bbsm:28;md:34;lg:40&#8243;][tm_spacer size=\u00bblg:20&#8243;][tm_heading tag=\u00bbdiv\u00bb custom_google_font=\u00bb\u00bb text_color=\u00bbcustom\u00bb custom_text_color=\u00bb#ffffff\u00bb animation=\u00bbmove-right\u00bb text=\u00bbMedimos todo lo que hacemos para satisfacer a nuestros clientes. Cuando se trata de la disponibilidad de tu intralog\u00edstica, no conocemos l\u00edmites.\u00bb][tm_spacer size=\u00bblg:57&#8243;][tm_list title_color=\u00bbcustom\u00bb custom_title_color=\u00bb#ffffff\u00bb icon_type=\u00bbfontawesome\u00bb icon_fontawesome=\u00bbfas fa-check\u00bb animation=\u00bbmove-right\u00bb columns=\u00bbxs:1;lg:1&#8243; items=\u00bb%5B%7B%22item_title%22%3A%22Equipos%20de%20Manutenci%C3%B3n%22%2C%22icon_simple_line%22%3A%22icon-arrow-1-circle-down%22%7D%2C%7B%22item_title%22%3A%22Servicios%20de%20Producto%22%2C%22icon_simple_line%22%3A%22icon-arrow-1-circle-down%22%7D%2C%7B%22item_title%22%3A%22Aplicaciones%20Avanzadas%20y%20Sistemas%20%22%2C%22icon_simple_line%22%3A%22icon-arrow-1-circle-down%22%7D%5D\u00bb][\/vc_column][vc_column width=\u00bb7\/12&#8243;][vc_single_image image=\u00bb7237&#8243; img_size=\u00bbfull\u00bb alignment=\u00bbright\u00bb css_animation=\u00bbright-to-left\u00bb css=\u00bb.vc_custom_1652886529367{margin-top: -70px !important;}\u00bb][\/vc_column][\/vc_row][vc_row full_width=\u00bbstretch_row\u00bb disable_element=\u00bbyes\u00bb lg_spacing=\u00bbborder_bottom:1;padding_top:115;padding_bottom:113&#8243; sm_spacing=\u00bbpadding_top:95;padding_bottom:93&#8243;][vc_column][tm_heading custom_google_font=\u00bb\u00bb font_weight=\u00bb600&#8243; align=\u00bbcenter\u00bb text_color=\u00bbprimary_color\u00bb text=\u00bbPROCESS\u00bb font_size=\u00bblg:14&#8243; letter_spacing=\u00bb0.1em\u00bb][tm_spacer size=\u00bblg:15&#8243;][tm_heading custom_google_font=\u00bb\u00bb align=\u00bbcenter\u00bb text=\u00bbFour Steps for Completement\u00bb font_size=\u00bbsm:28;md:34;lg:40&#8243; line_height=\u00bb1.3&#8243;][tm_spacer size=\u00bblg:49&#8243;][tm_gradation items=\u00bb%5B%7B%22title%22%3A%22Brainstorm%22%2C%22text%22%3A%22We%20combine%20brand%20strategy%20and%20account%20planning%20with%20digital%20strategy%22%7D%2C%7B%22title%22%3A%22Design%22%2C%22text%22%3A%22We%20combine%20brand%20strategy%20and%20account%20planning%20with%20digital%20strategy%22%7D%2C%7B%22title%22%3A%22Development%22%2C%22text%22%3A%22We%20combine%20brand%20strategy%20and%20account%20planning%20with%20digital%20strategy%22%7D%2C%7B%22title%22%3A%22Product%20Testing%22%2C%22text%22%3A%22We%20combine%20brand%20strategy%20and%20account%20planning%20with%20digital%20strategy%22%7D%5D\u00bb][\/vc_column][\/vc_row][vc_row full_width=\u00bbstretch_row\u00bb content_placement=\u00bbmiddle\u00bb lg_spacing=\u00bbpadding_top:72;padding_bottom:72&#8243;][vc_column width=\u00bb1\/2&#8243;][tm_heading custom_google_font=\u00bb\u00bb sm_align=\u00bbcenter\u00bb animation=\u00bbmove-right\u00bb text=\u00bb\u00bfConsultar con un asesor?\u00bb font_size=\u00bbsm:28;md:34;lg:40&#8243; line_height=\u00bb1.2&#8243; xs_spacing=\u00bbmargin_bottom:30&#8243;][\/vc_column][vc_column width=\u00bb1\/2&#8243;][tm_button size=\u00bbcustom\u00bb button=\u00bburl:https%3A%2F%2Frodadosmediterranea.com%2Fstill%2Fcontacto%2F|title:Cont%C3%A1ctanos\u00bb align=\u00bbright\u00bb sm_align=\u00bbcenter\u00bb animation=\u00bbmove-left\u00bb color=\u00bbsecondary\u00bb width=\u00bb190&#8243;][\/vc_column][\/vc_row]","protected":false},"author":1,"featured_media":0,"parent":0,"menu_order":0,"comment_status":"closed","ping_status":"closed","template":"","meta":{"footnotes":""},"class_list":["post-3846","page","type-page","status-publish","hentry"],"jetpack_sharing_enabled":true,"_links":{"self":[{"href":"https:\/\/rodadosmediterranea.com\/still\/wp-json\/wp\/v2\/pages\/3846","targetHints":{"allow":["GET"]}}],"collection":[{"href":"https:\/\/rodadosmediterranea.com\/still\/wp-json\/wp\/v2\/pages"}],"about":[{"href":"https:\/\/rodadosmediterranea.com\/still\/wp-json\/wp\/v2\/types\/page"}],"author":[{"embeddable":true,"href":"https:\/\/rodadosmediterranea.com\/still\/wp-json\/wp\/v2\/users\/1"}],"replies":[{"embeddable":true,"href":"https:\/\/rodadosmediterranea.com\/still\/wp-json\/wp\/v2\/comments?post=3846"}],"version-history":[{"count":53,"href":"https:\/\/rodadosmediterranea.com\/still\/wp-json\/wp\/v2\/pages\/3846\/revisions"}],"predecessor-version":[{"id":7255,"href":"https:\/\/rodadosmediterranea.com\/still\/wp-json\/wp\/v2\/pages\/3846\/revisions\/7255"}],"wp:attachment":[{"href":"https:\/\/rodadosmediterranea.com\/still\/wp-json\/wp\/v2\/media?parent=3846"}],"curies":[{"name":"wp","href":"https:\/\/api.w.org\/{rel}","templated":true}]}}