{"id":3569,"date":"2022-03-28T06:49:45","date_gmt":"2022-03-28T06:49:45","guid":{"rendered":"https:\/\/rodadosmediterranea.com\/still\/about-us-1\/"},"modified":"2022-05-18T13:33:17","modified_gmt":"2022-05-18T16:33:17","slug":"repuestos","status":"publish","type":"page","link":"https:\/\/rodadosmediterranea.com\/still\/repuestos\/","title":{"rendered":"Repuestos"},"content":{"rendered":"<p>[vc_row full_width=\u00bbstretch_row\u00bb content_placement=\u00bbbottom\u00bb custom_border_color=\u00bb#ffffff\u00bb hide_background_image=\u00bbsm\u00bb background_size=\u00bbmanual\u00bb overlay_background=\u00bbprimary\u00bb overlay_opacity=\u00bb0&#8243; lg_spacing=\u00bbpadding_top:447;padding_bottom:447&#8243; background_image=\u00bb6889&#8243; md_spacing=\u00bbpadding_top:350;padding_bottom:350&#8243; sm_spacing=\u00bbpadding_top:250;padding_bottom:250&#8243; xs_spacing=\u00bbpadding_top:150;padding_bottom:150&#8243; background_size_manual=\u00bb100%\u00bb][vc_column][tm_heading style=\u00bbhighlight-text\u00bb custom_google_font=\u00bb\u00bb font_weight=\u00bb500&#8243; align=\u00bbcenter\u00bb text_color=\u00bbsecondary_color\u00bb text=\u00bbLa seguridad empieza<br \/>\ncon <mark>recambios originales.<\/mark>\u00bb font_size=\u00bbxs:30;sm:40;md:50;lg:60&#8243; line_height=\u00bb18 px\u00bb letter_spacing=\u00bb20 px\u00bb][tm_spacer size=\u00bblg:18&#8243;][tm_heading tag=\u00bbdiv\u00bb custom_google_font=\u00bb\u00bb align=\u00bbcenter\u00bb text_color=\u00bbcustom\u00bb custom_text_color=\u00bb#515151&#8243; animation=\u00bbmove-up\u00bb text=\u00bbSTILL Original Parts\u00ae\u00bb font_size=\u00bbsm:16;md:18;lg:20&#8243; line_height=\u00bb1.2&#8243;][\/vc_column][\/vc_row][vc_row full_width=\u00bbstretch_row\u00bb lg_spacing=\u00bbpadding_top:157;padding_bottom:60&#8243; sm_spacing=\u00bbpadding_top:107;padding_bottom:40&#8243;][vc_column offset=\u00bbvc_col-md-4&#8243; sm_spacing=\u00bbmargin_bottom:50&#8243;][tm_heading style=\u00bbhighlight-text\u00bb custom_google_font=\u00bb\u00bb animation=\u00bbmove-right\u00bb text=\u00bbLas piezas STILL Original parts\u00ae <mark>se dise\u00f1an a medida para cada equipo<\/mark> y se someten a los m\u00e1s estrictos controles de calidad.\u00bb font_size=\u00bbsm:22;md:28;lg:34&#8243; line_height=\u00bb1.3&#8243;][tm_spacer size=\u00bblg:50&#8243;][tm_spacer size=\u00bblg:21&#8243;][\/vc_column][vc_column offset=\u00bbvc_col-md-8&#8243;][vc_row_inner gutter=\u00bbsm:30;lg:67&#8243;][vc_column_inner width=\u00bb1\/2&#8243;][tm_box_icon style=\u00bb2&#8243; feature=\u00bbimage\u00bb image=\u00bb7283&#8243; link=\u00bb|||\u00bb heading=\u00bbRuedas, rodillos y neum\u00e1ticos\u00bb text=\u00bbEs esencial que las ruedas, los rodillos y los neum\u00e1ticos funcionen perfectamente incluso en condiciones dif\u00edciles generadas por superficies irregulares, por el peso de la carretilla y la carga, o por la fuerza de frenada o aceleraci\u00f3n.\u00bb][\/vc_column_inner][vc_column_inner width=\u00bb1\/2&#8243;][tm_box_icon style=\u00bb2&#8243; feature=\u00bbimage\u00bb image=\u00bb7281&#8243; link=\u00bb|||\u00bb heading=\u00bbKits de servicio\u00bb text=\u00bbLos kits de servicio STILL Original son paquetes completos hechos a medida, dise\u00f1ados para que el usuario pueda llevar a cabo aut\u00f3nomamente el servicio y el mantenimiento de las carretillas industriales STILL.\u00bb][\/vc_column_inner][\/vc_row_inner][\/vc_column][\/vc_row][vc_row disable_element=\u00bbyes\u00bb][vc_column][tm_slider image_size=\u00bb1170&#215;560&#8243; pagination=\u00bb1&#8243; gutter=\u00bb0&#8243; items_display=\u00bbxs:1;lg:1&#8243; items=\u00bb%5B%7B%22image%22%3A%223763%22%2C%22link%22%3A%22Link%22%7D%2C%7B%22image%22%3A%223762%22%2C%22link%22%3A%22Link%22%7D%5D\u00bb auto_play=\u00bb5000&#8243;][\/vc_column][\/vc_row][vc_row content_placement=\u00bbmiddle\u00bb disable_element=\u00bbyes\u00bb lg_spacing=\u00bbpadding_top:150;padding_bottom:90&#8243; sm_spacing=\u00bbpadding_top:100&#8243;][vc_column width=\u00bb5\/12&#8243; sm_spacing=\u00bbmargin_bottom:50&#8243;][tm_heading custom_google_font=\u00bb\u00bb font_weight=\u00bb600&#8243; text_color=\u00bbprimary_color\u00bb text=\u00bbOUR SKILLS\u00bb font_size=\u00bblg:14&#8243; letter_spacing=\u00bb0.1em\u00bb line_height=\u00bb1.2&#8243;][tm_spacer size=\u00bblg:22&#8243;][tm_heading custom_google_font=\u00bb\u00bb text=\u00bbMake Beauty Things With Passion.\u00bb font_size=\u00bbsm:28;md:34;lg:40&#8243; letter_spacing=\u00bb-0.03em\u00bb line_height=\u00bb1.2&#8243;][tm_spacer size=\u00bblg:19&#8243;][tm_heading tag=\u00bbdiv\u00bb custom_google_font=\u00bb\u00bb text=\u00bbThe world is changing all around us. To continue to thrive as a business over the next ten years and beyond, we must look ahead, understand the trends and forces that will shape our business in the future and move swiftly to prepare for what&#8217;s to come.\u00bb][\/vc_column][vc_column width=\u00bb1\/2&#8243; offset=\u00bbvc_col-sm-offset-1&#8243;][vc_progress_bar style=\u00bb2&#8243; bar_height=\u00bb5&#8243; background_color=\u00bbsecondary\u00bb custom_track_color=\u00bb#eeeeee\u00bb custom_text_color=\u00bb#333333&#8243; units=\u00bb%\u00bb][\/vc_column][\/vc_row][vc_row full_width=\u00bbstretch_row\u00bb disable_element=\u00bbyes\u00bb lg_spacing=\u00bbborder_top:1;padding_top:100;padding_bottom:100&#8243;][vc_column][tm_heading tag=\u00bbh5&#8243; custom_google_font=\u00bb\u00bb font_weight=\u00bb600&#8243; align=\u00bbcenter\u00bb text_color=\u00bbprimary_color\u00bb text=\u00bbOUR TEAM\u00bb font_size=\u00bblg:14&#8243; line_height=\u00bb1.2&#8243; letter_spacing=\u00bb0.1em\u00bb][tm_spacer size=\u00bblg:15&#8243;][tm_heading tag=\u00bbh5&#8243; custom_google_font=\u00bb\u00bb align=\u00bbcenter\u00bb text=\u00bbAmazing Talents\u00bb font_size=\u00bbsm:28;md:34;lg:40&#8243; line_height=\u00bb1.3&#8243;][tm_spacer size=\u00bblg:63&#8243;][tm_slider_group nav=\u00bb2&#8243; gutter=\u00bb30&#8243; auto_play=\u00bb5000&#8243; items_display=\u00bbxs:1;sm:2;md:3;lg:3&#8243;][tm_team_member photo=\u00bb3567&#8243; social_networks=\u00bb%5B%7B%22icon%22%3A%22fa%20fa-facebook%22%2C%22link%22%3A%22%23%22%7D%2C%7B%22icon%22%3A%22fa%20fa-twitter%22%2C%22link%22%3A%22%23%22%7D%2C%7B%22icon%22%3A%22fa%20fa-google-plus%22%2C%22link%22%3A%22%23%22%7D%2C%7B%22icon%22%3A%22fa%20fa-linkedin%22%2C%22link%22%3A%22%23%22%7D%5D\u00bb name=\u00bbGeorge Andrade\u00bb position=\u00bbCreative Directer\u00bb desc=\u00bbGeorge is responsible for the merging of logical business acumen &amp; creative strategy\u00bb][tm_team_member photo=\u00bb3566&#8243; social_networks=\u00bb%5B%7B%22icon%22%3A%22fa%20fa-facebook%22%2C%22link%22%3A%22%23%22%7D%2C%7B%22icon%22%3A%22fa%20fa-twitter%22%2C%22link%22%3A%22%23%22%7D%2C%7B%22icon%22%3A%22fa%20fa-google-plus%22%2C%22link%22%3A%22%23%22%7D%2C%7B%22icon%22%3A%22fa%20fa-linkedin%22%2C%22link%22%3A%22%23%22%7D%5D\u00bb name=\u00bbChris Jardieu\u00bb position=\u00bbSolution Director\u00bb desc=\u00bbChris is responsible for managing and guiding the technical process, consultation of projects\u00bb][tm_team_member photo=\u00bb3565&#8243; social_networks=\u00bb%5B%7B%22icon%22%3A%22fa%20fa-facebook%22%2C%22link%22%3A%22%23%22%7D%2C%7B%22icon%22%3A%22fa%20fa-twitter%22%2C%22link%22%3A%22%23%22%7D%2C%7B%22icon%22%3A%22fa%20fa-google-plus%22%2C%22link%22%3A%22%23%22%7D%2C%7B%22icon%22%3A%22fa%20fa-linkedin%22%2C%22link%22%3A%22%23%22%7D%5D\u00bb name=\u00bbEliza Gosling\u00bb position=\u00bbProject Manager\u00bb desc=\u00bbEliza manages projects on time, on budget, on caffeine &amp; she got dat work ethic\u00bb][\/tm_slider_group][\/vc_column][\/vc_row][vc_row full_width=\u00bbstretch_row_content\u00bb content_placement=\u00bbmiddle\u00bb disable_element=\u00bbyes\u00bb][vc_column width=\u00bb1\/2&#8243; overlay_background=\u00bboverlay_custom_background\u00bb overlay_opacity=\u00bb80&#8243; background_image=\u00bb3766&#8243; lg_spacing=\u00bbpadding_top:88;padding_bottom:88&#8243;][tm_heading custom_google_font=\u00bb\u00bb font_weight=\u00bb600&#8243; align=\u00bbcenter\u00bb text_color=\u00bbcustom\u00bb custom_text_color=\u00bb#ffffff\u00bb text=\u00bbPLAN A PROJECT\u00bb font_size=\u00bblg:14&#8243; letter_spacing=\u00bb0.1em\u00bb line_height=\u00bb1.2&#8243;][tm_spacer size=\u00bblg:11&#8243;][tm_heading custom_google_font=\u00bb\u00bb align=\u00bbcenter\u00bb text_color=\u00bbprimary_color\u00bb text=\u00bbHire Us Now\u00bb font_size=\u00bbsm:34;md:40;lg:46&#8243; line_height=\u00bb1.3&#8243; link=\u00bb#\u00bb][tm_spacer size=\u00bblg:12&#8243;][tm_icon icon_type=\u00bbsimple_line\u00bb icon_simple_line=\u00bbicon-arrow-2-right\u00bb icon_color=\u00bbprimary\u00bb align=\u00bbcenter\u00bb][\/vc_column][vc_column width=\u00bb1\/2&#8243; overlay_background=\u00bbsecondary\u00bb overlay_opacity=\u00bb94&#8243; background_image=\u00bb3766&#8243; lg_spacing=\u00bbpadding_top:88;padding_bottom:88&#8243;][tm_heading custom_google_font=\u00bb\u00bb font_weight=\u00bb600&#8243; align=\u00bbcenter\u00bb text_color=\u00bbcustom\u00bb custom_text_color=\u00bb#ffffff\u00bb text=\u00bbPLAN A PROJECT\u00bb font_size=\u00bblg:14&#8243; letter_spacing=\u00bb0.1em\u00bb line_height=\u00bb1.2&#8243;][tm_spacer size=\u00bblg:11&#8243;][tm_heading custom_google_font=\u00bb\u00bb align=\u00bbcenter\u00bb text_color=\u00bbcustom\u00bb custom_text_color=\u00bb#ffffff\u00bb text=\u00bbWork With Us\u00bb font_size=\u00bbsm:34;md:40;lg:46&#8243; line_height=\u00bb1.3&#8243; link=\u00bb#\u00bb][tm_spacer size=\u00bblg:12&#8243;][tm_icon icon_type=\u00bbsimple_line\u00bb icon_simple_line=\u00bbicon-arrow-2-right\u00bb icon_color=\u00bbcustom\u00bb custom_icon_color=\u00bb#ffffff\u00bb align=\u00bbcenter\u00bb][\/vc_column][\/vc_row][vc_row][vc_column][vc_toggle title=\u00bb\u00bfPor qu\u00e9 elegir Original Parts\u00ae?\u00bb style=\u00bbsquare\u00bb color=\u00bborange\u00bb size=\u00bblg\u00bb open=\u00bbtrue\u00bb]<\/p>\n<div>\n<p><strong>Seguridad.<\/strong><\/p>\n<p>S\u00f3lo con el uso de piezas originales puedes garantizar que tus piezas han sido sometidas a los exigentes est\u00e1ndares de calidad de STILL y al uso de materiales de alta calidad, lo que a su vez garantiza el m\u00e1ximo nivel de seguridad para ti y tus carretillas. La pirater\u00eda de productos y marcas resulta muy perjudicial para aquellos que compran productos de imitaci\u00f3n. Los productos falsificados se fabrican en condiciones de producci\u00f3n dudosas y suelen entra\u00f1ar considerables riesgos para la salud y la seguridad por su baja calidad.<\/p>\n<\/div>\n<div><\/div>\n<div>\n<p><strong>Fiabilidad.<\/strong><\/p>\n<p>Las piezas STILL Original parts\u00ae est\u00e1n certificadas y son objeto de intensos controles de calidad. Son garant\u00eda de los m\u00e1s altos niveles de fiabilidad y calidad \u00abMade in Germany\u00bb.\u00a0Con una larga vida \u00fatil y una disponibilidad m\u00ednima garantizada de 12 a\u00f1os, aseguran el funcionamiento continuado de tu flota, ayudan a mantener el valor de tus carretillas y evitan costosos per\u00edodos de inactividad. El hecho de que estas imitaciones puedan parecer mucho m\u00e1s baratas se debe a la falta de controles de calidad y al empleo de materiales de calidad inferior. No hay forma de saber cu\u00e1les ser\u00e1n los costes derivados de la compra de estas imitaciones.<\/p>\n<\/div>\n<div><\/div>\n<div>\n<p><strong>Velocidad.<br \/>\n<\/strong><\/p>\n<p>S\u00f3lo las piezas STILL Original parts\u00ae\u00a0permiten una r\u00e1pida reparaci\u00f3n en calidad de equipo original. M\u00e1s de 51.000 piezas de repuesto est\u00e1n disponibles para su uso en el menor tiempo posible.<\/p>\n<\/div>\n<p>[\/vc_toggle][\/vc_column][\/vc_row]<\/p>\n","protected":false},"excerpt":{"rendered":"[vc_row full_width=\u00bbstretch_row\u00bb content_placement=\u00bbbottom\u00bb custom_border_color=\u00bb#ffffff\u00bb hide_background_image=\u00bbsm\u00bb background_size=\u00bbmanual\u00bb overlay_background=\u00bbprimary\u00bb overlay_opacity=\u00bb0&#8243; lg_spacing=\u00bbpadding_top:447;padding_bottom:447&#8243; background_image=\u00bb6889&#8243; md_spacing=\u00bbpadding_top:350;padding_bottom:350&#8243; sm_spacing=\u00bbpadding_top:250;padding_bottom:250&#8243; xs_spacing=\u00bbpadding_top:150;padding_bottom:150&#8243; background_size_manual=\u00bb100%\u00bb][vc_column][tm_heading style=\u00bbhighlight-text\u00bb custom_google_font=\u00bb\u00bb font_weight=\u00bb500&#8243; align=\u00bbcenter\u00bb text_color=\u00bbsecondary_color\u00bb text=\u00bbLa seguridad empieza con recambios originales.\u00bb font_size=\u00bbxs:30;sm:40;md:50;lg:60&#8243; line_height=\u00bb18 px\u00bb letter_spacing=\u00bb20 px\u00bb][tm_spacer size=\u00bblg:18&#8243;][tm_heading tag=\u00bbdiv\u00bb custom_google_font=\u00bb\u00bb align=\u00bbcenter\u00bb text_color=\u00bbcustom\u00bb custom_text_color=\u00bb#515151&#8243; animation=\u00bbmove-up\u00bb text=\u00bbSTILL Original Parts\u00ae\u00bb font_size=\u00bbsm:16;md:18;lg:20&#8243; line_height=\u00bb1.2&#8243;][\/vc_column][\/vc_row][vc_row full_width=\u00bbstretch_row\u00bb lg_spacing=\u00bbpadding_top:157;padding_bottom:60&#8243; sm_spacing=\u00bbpadding_top:107;padding_bottom:40&#8243;][vc_column offset=\u00bbvc_col-md-4&#8243; sm_spacing=\u00bbmargin_bottom:50&#8243;][tm_heading style=\u00bbhighlight-text\u00bb custom_google_font=\u00bb\u00bb animation=\u00bbmove-right\u00bb text=\u00bbLas piezas STILL Original parts\u00ae se dise\u00f1an a medida para cada equipo y se someten a los m\u00e1s estrictos controles de calidad.\u00bb font_size=\u00bbsm:22;md:28;lg:34&#8243; line_height=\u00bb1.3&#8243;][tm_spacer size=\u00bblg:50&#8243;][tm_spacer size=\u00bblg:21&#8243;][\/vc_column][vc_column offset=\u00bbvc_col-md-8&#8243;][vc_row_inner gutter=\u00bbsm:30;lg:67&#8243;][vc_column_inner width=\u00bb1\/2&#8243;][tm_box_icon style=\u00bb2&#8243; feature=\u00bbimage\u00bb image=\u00bb7283&#8243; link=\u00bb|||\u00bb heading=\u00bbRuedas, rodillos y neum\u00e1ticos\u00bb text=\u00bbEs esencial que las ruedas, los rodillos y los neum\u00e1ticos funcionen perfectamente incluso en condiciones dif\u00edciles generadas por superficies irregulares, por el peso de la carretilla y la carga, o por la fuerza de frenada o aceleraci\u00f3n.\u00bb][\/vc_column_inner][vc_column_inner width=\u00bb1\/2&#8243;][tm_box_icon style=\u00bb2&#8243; feature=\u00bbimage\u00bb image=\u00bb7281&#8243; link=\u00bb|||\u00bb heading=\u00bbKits de servicio\u00bb text=\u00bbLos kits de servicio STILL Original son paquetes completos hechos a medida, dise\u00f1ados para que el usuario pueda llevar a cabo aut\u00f3nomamente el servicio y el mantenimiento de las carretillas industriales STILL.\u00bb][\/vc_column_inner][\/vc_row_inner][\/vc_column][\/vc_row][vc_row disable_element=\u00bbyes\u00bb][vc_column][tm_slider image_size=\u00bb1170&#215;560&#8243; pagination=\u00bb1&#8243; gutter=\u00bb0&#8243; items_display=\u00bbxs:1;lg:1&#8243; items=\u00bb%5B%7B%22image%22%3A%223763%22%2C%22link%22%3A%22Link%22%7D%2C%7B%22image%22%3A%223762%22%2C%22link%22%3A%22Link%22%7D%5D\u00bb auto_play=\u00bb5000&#8243;][\/vc_column][\/vc_row][vc_row content_placement=\u00bbmiddle\u00bb disable_element=\u00bbyes\u00bb lg_spacing=\u00bbpadding_top:150;padding_bottom:90&#8243; sm_spacing=\u00bbpadding_top:100&#8243;][vc_column width=\u00bb5\/12&#8243; sm_spacing=\u00bbmargin_bottom:50&#8243;][tm_heading custom_google_font=\u00bb\u00bb font_weight=\u00bb600&#8243; text_color=\u00bbprimary_color\u00bb text=\u00bbOUR SKILLS\u00bb font_size=\u00bblg:14&#8243; letter_spacing=\u00bb0.1em\u00bb line_height=\u00bb1.2&#8243;][tm_spacer size=\u00bblg:22&#8243;][tm_heading custom_google_font=\u00bb\u00bb text=\u00bbMake Beauty Things With Passion.\u00bb font_size=\u00bbsm:28;md:34;lg:40&#8243; letter_spacing=\u00bb-0.03em\u00bb line_height=\u00bb1.2&#8243;][tm_spacer size=\u00bblg:19&#8243;][tm_heading tag=\u00bbdiv\u00bb custom_google_font=\u00bb\u00bb text=\u00bbThe world is changing all around us. To continue to thrive as a business over the next ten years and beyond, we must look ahead, understand the trends and forces that will shape our business in the future and move swiftly to prepare for what&#8217;s to come.\u00bb][\/vc_column][vc_column width=\u00bb1\/2&#8243; offset=\u00bbvc_col-sm-offset-1&#8243;][vc_progress_bar style=\u00bb2&#8243; bar_height=\u00bb5&#8243; background_color=\u00bbsecondary\u00bb custom_track_color=\u00bb#eeeeee\u00bb custom_text_color=\u00bb#333333&#8243; units=\u00bb%\u00bb][\/vc_column][\/vc_row][vc_row full_width=\u00bbstretch_row\u00bb disable_element=\u00bbyes\u00bb lg_spacing=\u00bbborder_top:1;padding_top:100;padding_bottom:100&#8243;][vc_column][tm_heading tag=\u00bbh5&#8243; custom_google_font=\u00bb\u00bb font_weight=\u00bb600&#8243; align=\u00bbcenter\u00bb text_color=\u00bbprimary_color\u00bb text=\u00bbOUR TEAM\u00bb font_size=\u00bblg:14&#8243; line_height=\u00bb1.2&#8243; letter_spacing=\u00bb0.1em\u00bb][tm_spacer size=\u00bblg:15&#8243;][tm_heading tag=\u00bbh5&#8243; custom_google_font=\u00bb\u00bb align=\u00bbcenter\u00bb text=\u00bbAmazing Talents\u00bb font_size=\u00bbsm:28;md:34;lg:40&#8243; line_height=\u00bb1.3&#8243;][tm_spacer size=\u00bblg:63&#8243;][tm_slider_group nav=\u00bb2&#8243; gutter=\u00bb30&#8243; auto_play=\u00bb5000&#8243; items_display=\u00bbxs:1;sm:2;md:3;lg:3&#8243;][tm_team_member photo=\u00bb3567&#8243; social_networks=\u00bb%5B%7B%22icon%22%3A%22fa%20fa-facebook%22%2C%22link%22%3A%22%23%22%7D%2C%7B%22icon%22%3A%22fa%20fa-twitter%22%2C%22link%22%3A%22%23%22%7D%2C%7B%22icon%22%3A%22fa%20fa-google-plus%22%2C%22link%22%3A%22%23%22%7D%2C%7B%22icon%22%3A%22fa%20fa-linkedin%22%2C%22link%22%3A%22%23%22%7D%5D\u00bb name=\u00bbGeorge Andrade\u00bb position=\u00bbCreative Directer\u00bb desc=\u00bbGeorge is responsible for the merging of logical business acumen &amp; creative strategy\u00bb][tm_team_member photo=\u00bb3566&#8243; social_networks=\u00bb%5B%7B%22icon%22%3A%22fa%20fa-facebook%22%2C%22link%22%3A%22%23%22%7D%2C%7B%22icon%22%3A%22fa%20fa-twitter%22%2C%22link%22%3A%22%23%22%7D%2C%7B%22icon%22%3A%22fa%20fa-google-plus%22%2C%22link%22%3A%22%23%22%7D%2C%7B%22icon%22%3A%22fa%20fa-linkedin%22%2C%22link%22%3A%22%23%22%7D%5D\u00bb name=\u00bbChris Jardieu\u00bb position=\u00bbSolution Director\u00bb desc=\u00bbChris is responsible for managing and guiding the technical process, consultation of projects\u00bb][tm_team_member photo=\u00bb3565&#8243; social_networks=\u00bb%5B%7B%22icon%22%3A%22fa%20fa-facebook%22%2C%22link%22%3A%22%23%22%7D%2C%7B%22icon%22%3A%22fa%20fa-twitter%22%2C%22link%22%3A%22%23%22%7D%2C%7B%22icon%22%3A%22fa%20fa-google-plus%22%2C%22link%22%3A%22%23%22%7D%2C%7B%22icon%22%3A%22fa%20fa-linkedin%22%2C%22link%22%3A%22%23%22%7D%5D\u00bb name=\u00bbEliza Gosling\u00bb position=\u00bbProject Manager\u00bb desc=\u00bbEliza manages projects on time, on budget, on caffeine &amp; she got dat work ethic\u00bb][\/tm_slider_group][\/vc_column][\/vc_row][vc_row full_width=\u00bbstretch_row_content\u00bb content_placement=\u00bbmiddle\u00bb disable_element=\u00bbyes\u00bb][vc_column width=\u00bb1\/2&#8243; overlay_background=\u00bboverlay_custom_background\u00bb overlay_opacity=\u00bb80&#8243; background_image=\u00bb3766&#8243; lg_spacing=\u00bbpadding_top:88;padding_bottom:88&#8243;][tm_heading custom_google_font=\u00bb\u00bb font_weight=\u00bb600&#8243; align=\u00bbcenter\u00bb text_color=\u00bbcustom\u00bb custom_text_color=\u00bb#ffffff\u00bb text=\u00bbPLAN A PROJECT\u00bb font_size=\u00bblg:14&#8243; letter_spacing=\u00bb0.1em\u00bb line_height=\u00bb1.2&#8243;][tm_spacer size=\u00bblg:11&#8243;][tm_heading custom_google_font=\u00bb\u00bb align=\u00bbcenter\u00bb text_color=\u00bbprimary_color\u00bb text=\u00bbHire Us Now\u00bb font_size=\u00bbsm:34;md:40;lg:46&#8243; line_height=\u00bb1.3&#8243; link=\u00bb#\u00bb][tm_spacer size=\u00bblg:12&#8243;][tm_icon icon_type=\u00bbsimple_line\u00bb icon_simple_line=\u00bbicon-arrow-2-right\u00bb icon_color=\u00bbprimary\u00bb align=\u00bbcenter\u00bb][\/vc_column][vc_column width=\u00bb1\/2&#8243; overlay_background=\u00bbsecondary\u00bb overlay_opacity=\u00bb94&#8243; background_image=\u00bb3766&#8243; lg_spacing=\u00bbpadding_top:88;padding_bottom:88&#8243;][tm_heading custom_google_font=\u00bb\u00bb font_weight=\u00bb600&#8243; align=\u00bbcenter\u00bb text_color=\u00bbcustom\u00bb custom_text_color=\u00bb#ffffff\u00bb text=\u00bbPLAN A PROJECT\u00bb font_size=\u00bblg:14&#8243; letter_spacing=\u00bb0.1em\u00bb line_height=\u00bb1.2&#8243;][tm_spacer size=\u00bblg:11&#8243;][tm_heading custom_google_font=\u00bb\u00bb align=\u00bbcenter\u00bb text_color=\u00bbcustom\u00bb custom_text_color=\u00bb#ffffff\u00bb text=\u00bbWork With Us\u00bb font_size=\u00bbsm:34;md:40;lg:46&#8243; line_height=\u00bb1.3&#8243; link=\u00bb#\u00bb][tm_spacer size=\u00bblg:12&#8243;][tm_icon icon_type=\u00bbsimple_line\u00bb icon_simple_line=\u00bbicon-arrow-2-right\u00bb icon_color=\u00bbcustom\u00bb custom_icon_color=\u00bb#ffffff\u00bb align=\u00bbcenter\u00bb][\/vc_column][\/vc_row][vc_row][vc_column][vc_toggle title=\u00bb\u00bfPor qu\u00e9 elegir Original Parts\u00ae?\u00bb style=\u00bbsquare\u00bb color=\u00bborange\u00bb size=\u00bblg\u00bb open=\u00bbtrue\u00bb] Seguridad. S\u00f3lo con el uso de piezas originales puedes garantizar que tus piezas han sido sometidas a los exigentes est\u00e1ndares de calidad de STILL y al uso de materiales de alta calidad, lo que a su vez garantiza el m\u00e1ximo nivel de seguridad para ti y tus carretillas. La pirater\u00eda de productos y marcas resulta muy perjudicial para aquellos que compran productos de imitaci\u00f3n. Los productos falsificados se fabrican en condiciones de producci\u00f3n dudosas y suelen entra\u00f1ar considerables riesgos para la salud y la seguridad por su baja calidad. Fiabilidad. Las piezas STILL Original parts\u00ae est\u00e1n certificadas y son objeto de intensos controles de calidad. Son garant\u00eda de los m\u00e1s altos niveles de fiabilidad y calidad \u00abMade in Germany\u00bb.\u00a0Con una larga vida \u00fatil y una disponibilidad m\u00ednima garantizada de 12 a\u00f1os, aseguran el funcionamiento continuado de tu flota, ayudan a mantener el valor de tus carretillas y evitan costosos per\u00edodos de inactividad. El hecho de que estas imitaciones puedan parecer mucho m\u00e1s baratas se debe a la falta de controles de calidad y al empleo de materiales de calidad inferior. No hay forma de saber cu\u00e1les ser\u00e1n los costes derivados de la compra de estas imitaciones. Velocidad. S\u00f3lo las piezas STILL Original parts\u00ae\u00a0permiten una r\u00e1pida reparaci\u00f3n en calidad de equipo original. M\u00e1s de 51.000 piezas de repuesto est\u00e1n disponibles para su uso en el menor tiempo posible. [\/vc_toggle][\/vc_column][\/vc_row]","protected":false},"author":1,"featured_media":0,"parent":0,"menu_order":0,"comment_status":"closed","ping_status":"closed","template":"","meta":{"footnotes":""},"class_list":["post-3569","page","type-page","status-publish","hentry"],"jetpack_sharing_enabled":true,"_links":{"self":[{"href":"https:\/\/rodadosmediterranea.com\/still\/wp-json\/wp\/v2\/pages\/3569","targetHints":{"allow":["GET"]}}],"collection":[{"href":"https:\/\/rodadosmediterranea.com\/still\/wp-json\/wp\/v2\/pages"}],"about":[{"href":"https:\/\/rodadosmediterranea.com\/still\/wp-json\/wp\/v2\/types\/page"}],"author":[{"embeddable":true,"href":"https:\/\/rodadosmediterranea.com\/still\/wp-json\/wp\/v2\/users\/1"}],"replies":[{"embeddable":true,"href":"https:\/\/rodadosmediterranea.com\/still\/wp-json\/wp\/v2\/comments?post=3569"}],"version-history":[{"count":54,"href":"https:\/\/rodadosmediterranea.com\/still\/wp-json\/wp\/v2\/pages\/3569\/revisions"}],"predecessor-version":[{"id":7288,"href":"https:\/\/rodadosmediterranea.com\/still\/wp-json\/wp\/v2\/pages\/3569\/revisions\/7288"}],"wp:attachment":[{"href":"https:\/\/rodadosmediterranea.com\/still\/wp-json\/wp\/v2\/media?parent=3569"}],"curies":[{"name":"wp","href":"https:\/\/api.w.org\/{rel}","templated":true}]}}